{"id":13951,"date":"2023-06-13T18:42:14","date_gmt":"2023-06-13T18:42:14","guid":{"rendered":"https:\/\/ntsolutions.pt\/?page_id=13951"},"modified":"2023-06-13T18:48:54","modified_gmt":"2023-06-13T18:48:54","slug":"politica-devolucoes","status":"publish","type":"page","link":"https:\/\/ntsolutions.pt\/index.php\/politica-devolucoes\/","title":{"rendered":"Politica de Devolu\u00e7\u00f5es"},"content":{"rendered":"\t\t<div data-elementor-type=\"wp-page\" data-elementor-id=\"13951\" class=\"elementor elementor-13951\" data-elementor-post-type=\"page\">\n\t\t\t\t\t\t<section class=\"elementor-section elementor-top-section elementor-element elementor-element-221949d9 wd-section-stretch elementor-section-boxed elementor-section-height-default elementor-section-height-default\" data-id=\"221949d9\" data-element_type=\"section\" data-e-type=\"section\" data-settings=\"{&quot;background_background&quot;:&quot;classic&quot;}\">\n\t\t\t\t\t\t<div class=\"elementor-container elementor-column-gap-default\">\n\t\t\t\t\t<div class=\"elementor-column elementor-col-100 elementor-top-column elementor-element elementor-element-6b5c4514\" data-id=\"6b5c4514\" data-element_type=\"column\" data-e-type=\"column\">\n\t\t\t<div class=\"elementor-widget-wrap elementor-element-populated\">\n\t\t\t\t\t\t<div class=\"elementor-element elementor-element-f0c2fe7 elementor-widget elementor-widget-wd_image_or_svg\" data-id=\"f0c2fe7\" data-element_type=\"widget\" data-e-type=\"widget\" data-widget_type=\"wd_image_or_svg.default\">\n\t\t\t\t<div class=\"elementor-widget-container\">\n\t\t\t\t\t\n\t\t<div class=\"wd-image text-center\">\n\t\t\t\t\t\t\t\t<img decoding=\"async\" width=\"400\" height=\"111\" src=\"https:\/\/ntsolutions.pt\/wp-content\/uploads\/2023\/06\/LOGO-NT-SOLUTIONS-CMYK-COLOR-400x111.png\" class=\"attachment-medium size-medium wp-image-13898\" alt=\"\" srcset=\"https:\/\/ntsolutions.pt\/wp-content\/uploads\/2023\/06\/LOGO-NT-SOLUTIONS-CMYK-COLOR-400x111.png 400w, https:\/\/ntsolutions.pt\/wp-content\/uploads\/2023\/06\/LOGO-NT-SOLUTIONS-CMYK-COLOR-430x120.png 430w, https:\/\/ntsolutions.pt\/wp-content\/uploads\/2023\/06\/LOGO-NT-SOLUTIONS-CMYK-COLOR-150x42.png 150w, https:\/\/ntsolutions.pt\/wp-content\/uploads\/2023\/06\/LOGO-NT-SOLUTIONS-CMYK-COLOR-700x195.png 700w, https:\/\/ntsolutions.pt\/wp-content\/uploads\/2023\/06\/LOGO-NT-SOLUTIONS-CMYK-COLOR-1300x362.png 1300w, https:\/\/ntsolutions.pt\/wp-content\/uploads\/2023\/06\/LOGO-NT-SOLUTIONS-CMYK-COLOR-768x214.png 768w, https:\/\/ntsolutions.pt\/wp-content\/uploads\/2023\/06\/LOGO-NT-SOLUTIONS-CMYK-COLOR-1536x427.png 1536w, https:\/\/ntsolutions.pt\/wp-content\/uploads\/2023\/06\/LOGO-NT-SOLUTIONS-CMYK-COLOR-2048x570.png 2048w, https:\/\/ntsolutions.pt\/wp-content\/uploads\/2023\/06\/LOGO-NT-SOLUTIONS-CMYK-COLOR-860x239.png 860w\" sizes=\"(max-width: 400px) 100vw, 400px\" \/>\t\t\t\t\t<\/div>\n\n\t\t\t\t\t\t<\/div>\n\t\t\t\t<\/div>\n\t\t\t\t\t<\/div>\n\t\t<\/div>\n\t\t\t\t\t<\/div>\n\t\t<\/section>\n\t\t\t\t<section class=\"elementor-section elementor-top-section elementor-element elementor-element-152562a0 elementor-section-boxed elementor-section-height-default elementor-section-height-default wd-section-disabled\" data-id=\"152562a0\" data-element_type=\"section\" data-e-type=\"section\">\n\t\t\t\t\t\t<div class=\"elementor-container elementor-column-gap-default\">\n\t\t\t\t\t<div class=\"elementor-column elementor-col-100 elementor-top-column elementor-element elementor-element-2b08686d\" data-id=\"2b08686d\" data-element_type=\"column\" data-e-type=\"column\">\n\t\t\t<div class=\"elementor-widget-wrap elementor-element-populated\">\n\t\t\t\t\t\t<section class=\"elementor-section elementor-inner-section elementor-element elementor-element-43aeaf73 elementor-section-boxed elementor-section-height-default elementor-section-height-default wd-section-disabled\" data-id=\"43aeaf73\" data-element_type=\"section\" data-e-type=\"section\">\n\t\t\t\t\t\t<div class=\"elementor-container elementor-column-gap-default\">\n\t\t\t\t\t<div class=\"elementor-column elementor-col-100 elementor-inner-column elementor-element elementor-element-ceb5ee7\" data-id=\"ceb5ee7\" data-element_type=\"column\" data-e-type=\"column\">\n\t\t\t<div class=\"elementor-widget-wrap elementor-element-populated\">\n\t\t\t\t\t\t<div class=\"elementor-element elementor-element-d22bd44 elementor-widget elementor-widget-wd_text_block\" data-id=\"d22bd44\" data-element_type=\"widget\" data-e-type=\"widget\" data-widget_type=\"wd_text_block.default\">\n\t\t\t\t<div class=\"elementor-widget-container\">\n\t\t\t\t\t\t\t<div class=\"wd-text-block reset-last-child text-left\">\n\t\t\t\n\t\t\t<div class=\"rte\"><h1>Pol\u00edtica de devolu\u00e7\u00f5es<\/h1><h2>Precisa de ajuda na devolu\u00e7\u00e3o do seu artigo?<\/h2><p>Conhe\u00e7a todas as condi\u00e7\u00f5es de devolu\u00e7\u00f5es de compras efetuadas numa loja f\u00edsica ou em NTSOLUTIONS.PT.<\/p><h3>Nota este documento alude apenas as devolu\u00e7\u00f5es, para os Termos e Condi\u00e7\u00f5es de Servi\u00e7o consulte por favor os&nbsp;<a href=\"https:\/\/ntsolutions.pt\/?page_id=13949\">Termos e Condi\u00e7\u00f5es<\/a>.<\/h3><p>Servi\u00e7o de apoio ao cliente pelo Telefone 916 325 056 (Segunda a Sexta das 9:30 \u00e0s 19h, S\u00e1bado e Domingo encerrado) ou por e-mail geral@ntsolutions.pt<\/p><h3>&nbsp;<\/h3><h3>Pol\u00edtica de devolu\u00e7\u00f5es NTSOLUTIONS.PT<\/h3><p>Se adquiriu um artigo em ntsolutions.pt, disp\u00f5e de um prazo de 30 dias para proceder \u00e0 devolu\u00e7\u00e3o da sua encomenda.<br>Pode faz\u00ea-lo desde que o artigo se encontre nas mesmas condi\u00e7\u00f5es em que foi vendido, em embalagem original e acompanhado de todos os acess\u00f3rios que o constituem. Poder\u00e1 faz\u00ea-lo da seguinte forma:<\/p><ul><li>Contactar a nossa Linha de Apoio ao Cliente 916 325 056 para informa\u00e7\u00f5es sobre procedimentos de envio.<\/li><\/ul><p>Nota: Nunca expedir o artigo para a NTSOLUTIONS sem contacto pr\u00e9vio com a Linha de Apoio ao Cliente 916 325 056.<br>Os artigos com activa\u00e7\u00e3o (cart\u00f5es de descarga e experi\u00eancias) n\u00e3o se encontram abrangidos pela pol\u00edtica de devolu\u00e7\u00f5es da loja online.<\/p><p>O cliente dever\u00e1 garantir que o(s) artigo(s) devolvido(s) chega(m) \u00e0s nossas instala\u00e7\u00f5es no prazo de&nbsp;14 dias a contar da data em que exerceu o seu direito de livre resolu\u00e7\u00e3o, rejei\u00e7\u00e3o ou qualquer outra declara\u00e7\u00e3o inequ\u00edvoca de resolu\u00e7\u00e3o.<\/p><p>Para exercer o seu direito, o cliente&nbsp;poder\u00e1 contactar o nosso Apoio ao Cliente, especificar o n\u00famero da encomenda, a descri\u00e7\u00e3o ou a refer\u00eancia do(s) produto(s) que pretende devolver e qual a forma de reembolso que deseja, nossa equipa ir\u00e1 lhe enviar o formul\u00e1rio para o efeito ou pode ainda ter acesso directo ao formul\u00e1rio para exerc\u00edcio do seu direito de livre resolu\u00e7\u00e3o.<\/p><h3>&nbsp;<\/h3><h3>As condi\u00e7\u00f5es da devolu\u00e7\u00e3o s\u00e3o as seguintes:<\/h3><ul><li>Artigos sem sinal de uso;<\/li><li>Devolu\u00e7\u00e3o do artigo completo, com todos os seus componentes e acess\u00f3rios, manual de instru\u00e7\u00f5es e embalagens originais em perfeito estado;<\/li><li>Prazo de Devolu\u00e7\u00e3o: At\u00e9 ao 14\u00ba dia a partir do dia da entrega&nbsp;&nbsp;a contar da&nbsp;data em que exerceu o seu direito de&nbsp;livre resolu\u00e7\u00e3o, rejei\u00e7\u00e3o ou qualquer outra declara\u00e7\u00e3o inequ\u00edvoca de resolu\u00e7\u00e3o.<\/li><\/ul><h3>&nbsp;<\/h3><h3>Pol\u00edtica de devolu\u00e7\u00f5es lojas f\u00edsicas NTSOLUTIONS<\/h3><p>No caso de ter adquirido um artigo numa loja NTSOLUTIONS, possui um prazo de 30 dias para devolver e requisitar o reembolso do produto.<br>Para tal \u00e9 necess\u00e1rio:<\/p><ul><li>Apresentar a fatura<\/li><li>O artigo n\u00e3o deve apresentar sinais de utiliza\u00e7\u00e3o e deve ser acompanhado pela embalagem original, o manual de instru\u00e7\u00f5es e respetivos acess\u00f3rios e\/ou consum\u00edveis.<\/li><\/ul><p>&nbsp;<\/p><p>Saiba, no entanto, que nem todos os artigos est\u00e3o abrangidos pela pol\u00edtica de devolu\u00e7\u00f5es da loja f\u00edsica. Os produtos em exce\u00e7\u00e3o s\u00e3o:<\/p><ul><li>Artigos com entrega ao domic\u00edlio;<\/li><li>Artigos de higiene pessoal;<\/li><li>Software e hardware inform\u00e1tico;<\/li><li>T\u00edtulos de gaming e entretenimento (inclui jogos, filmes, CDs e livros);<\/li><li>Rolos ou qualquer artigo consum\u00edvel usado;<\/li><li>Telem\u00f3veis;<\/li><li>Artigos com ativa\u00e7\u00e3o na caixa (inclui cart\u00f5es D\u00e1, cart\u00f5es de descarga e experi\u00eancias).<\/li><\/ul><h3>&nbsp;<\/h3><h3>Produto Avariado<\/h3><p>Dever\u00e1 dirigir-se a uma loja f\u00edsica da NTSOLUTIONS, apresentando a fatura e o artigo completo. No caso de esta op\u00e7\u00e3o n\u00e3o ser poss\u00edvel dever\u00e1 contactar a nossa linha de Apoio ao Cliente (916 325 056) que ajudar\u00e1 a resolver o problema.<\/p><h3>&nbsp;<\/h3><h3>Devolu\u00e7\u00f5es por danos de transporte<\/h3><p>Caso detete alguma anomalia ou dano causado pelo transporte do artigo que encomendou deve comunicar o mais rapidamente poss\u00edvel \u00e0 nossa linha de apoio (916 325 056) e sempre que poss\u00edvel criar um registo fotogr\u00e1fico para an\u00e1lise.<\/p><h3>&nbsp;<\/h3><h3>Reembolso (Aplic\u00e1vel em compras em NTSOLUTIONS.PT)<\/h3><p>No caso de devolu\u00e7\u00e3o, o reembolso total do valor da sua compra ser\u00e1 efetuado ap\u00f3s a valida\u00e7\u00e3o do cumprimento das condi\u00e7\u00f5es de devolu\u00e7\u00e3o descritos anteriormente, tendo a NTSOLUTIONS um prazo de at\u00e9 30 dias para o efeito a partir do momento em que \u00e9 recebido o equipamento na NTSOLUTIONS, o reembolso dos pagamentos \u00e9 feito atrav\u00e9s do mesmo meio de pagamento que tiver sido utilizado pelo consumidor na transa\u00e7\u00e3o inicial, salvo acordo expresso em contr\u00e1rio e desde que o consumidor n\u00e3o incorra em quaisquer custos como consequ\u00eancia do reembolso.&nbsp;<\/p><h3>&nbsp;<\/h3><h3>Custos de devolu\u00e7\u00e3o (Aplic\u00e1vel em compras em NTSOLUTIONS.PT)<\/h3><p>O consumidor deve devolver os bens o mais tardar 14 (catorze) dias a contar da data em que informou a NTSOLUTIONS da decis\u00e3o de resolu\u00e7\u00e3o do contrato, tendo que suportar os custos da devolu\u00e7\u00e3o dos bens. O consumidor deve no prazo de 14 dias a contar da data em que tiver comunicado a sua decis\u00e3o de resolu\u00e7\u00e3o do contrato nos termos do artigo 13.\u00ba Decreto-Lei n\u00ba 24\/2014 de 14 de Fevereiro, devolver ou entregar o bem ao fornecedor de bens ou a uma pessoa autorizada para o efeito.<\/p><p>Por favor note que (alude Artigo 13.\u00ba 2 b&nbsp;Decreto-Lei n\u00ba 24\/2014 de 14 de Fevereiro)&nbsp;o consumidor \u00e9 previamente informado pelo fornecedor do bem que tem o dever de pagar os custos de devolu\u00e7\u00e3o.<\/p><p>No processo de compra \u00e9 ainda obrigat\u00f3rio que o consumidor antes de dar seguimento&nbsp;ao processo de&nbsp;compra (checkout), que clique e confirme que leu e concorda de forma incondicional com os Termos e Condi\u00e7\u00f5es de Servi\u00e7o.<\/p><div id=\"center_column\" class=\"center_column col-xs-12 \"><div class=\"applemenu\">&nbsp;<\/div><\/div><\/div>\n\t\t\t\t\t<\/div>\n\t\t\t\t\t\t<\/div>\n\t\t\t\t<\/div>\n\t\t\t\t\t<\/div>\n\t\t<\/div>\n\t\t\t\t\t<\/div>\n\t\t<\/section>\n\t\t\t\t\t<\/div>\n\t\t<\/div>\n\t\t\t\t\t<\/div>\n\t\t<\/section>\n\t\t\t\t<\/div>\n\t\t","protected":false},"excerpt":{"rendered":"<p>Pol\u00edtica de devolu\u00e7\u00f5es Precisa de ajuda na devolu\u00e7\u00e3o do seu artigo? Conhe\u00e7a todas as condi\u00e7\u00f5es de devolu\u00e7\u00f5es de compras efetuadas<\/p>\n","protected":false},"author":1,"featured_media":0,"parent":0,"menu_order":0,"comment_status":"closed","ping_status":"closed","template":"","meta":{"om_disable_all_campaigns":false,"_monsterinsights_skip_tracking":false,"_monsterinsights_sitenote_active":false,"_monsterinsights_sitenote_note":"","_monsterinsights_sitenote_category":0,"footnotes":""},"class_list":["post-13951","page","type-page","status-publish","hentry"],"yoast_head":"<!-- This site is optimized with the Yoast SEO plugin v27.2 - https:\/\/yoast.com\/product\/yoast-seo-wordpress\/ -->\n<title>Politica de Devolu\u00e7\u00f5es - NT Solu\u00e7\u00f5es e Tecnologia<\/title>\n<meta name=\"robots\" content=\"index, follow, max-snippet:-1, max-image-preview:large, max-video-preview:-1\" \/>\n<link rel=\"canonical\" href=\"https:\/\/ntsolutions.pt\/index.php\/politica-devolucoes\/\" \/>\n<meta property=\"og:locale\" content=\"en_US\" \/>\n<meta property=\"og:type\" content=\"article\" \/>\n<meta property=\"og:title\" content=\"Politica de Devolu\u00e7\u00f5es - NT Solu\u00e7\u00f5es e Tecnologia\" \/>\n<meta property=\"og:description\" content=\"Pol\u00edtica de devolu\u00e7\u00f5es Precisa de ajuda na devolu\u00e7\u00e3o do seu artigo? Conhe\u00e7a todas as condi\u00e7\u00f5es de devolu\u00e7\u00f5es de compras efetuadas\" \/>\n<meta property=\"og:url\" content=\"https:\/\/ntsolutions.pt\/index.php\/politica-devolucoes\/\" \/>\n<meta property=\"og:site_name\" content=\"NT Solu\u00e7\u00f5es e Tecnologia\" \/>\n<meta property=\"article:modified_time\" content=\"2023-06-13T18:48:54+00:00\" \/>\n<meta property=\"og:image\" content=\"https:\/\/ntsolutions.pt\/wp-content\/uploads\/2023\/06\/LOGO-NT-SOLUTIONS-CMYK-COLOR-400x111.png\" \/>\n<meta name=\"twitter:card\" content=\"summary_large_image\" \/>\n<meta name=\"twitter:label1\" content=\"Est. reading time\" \/>\n\t<meta name=\"twitter:data1\" content=\"4 minutes\" \/>\n<script type=\"application\/ld+json\" class=\"yoast-schema-graph\">{\"@context\":\"https:\/\/schema.org\",\"@graph\":[{\"@type\":\"WebPage\",\"@id\":\"https:\/\/ntsolutions.pt\/index.php\/politica-devolucoes\/\",\"url\":\"https:\/\/ntsolutions.pt\/index.php\/politica-devolucoes\/\",\"name\":\"Politica de Devolu\u00e7\u00f5es - NT Solu\u00e7\u00f5es e Tecnologia\",\"isPartOf\":{\"@id\":\"https:\/\/ntsolutions.pt\/#website\"},\"primaryImageOfPage\":{\"@id\":\"https:\/\/ntsolutions.pt\/index.php\/politica-devolucoes\/#primaryimage\"},\"image\":{\"@id\":\"https:\/\/ntsolutions.pt\/index.php\/politica-devolucoes\/#primaryimage\"},\"thumbnailUrl\":\"https:\/\/ntsolutions.pt\/wp-content\/uploads\/2023\/06\/LOGO-NT-SOLUTIONS-CMYK-COLOR-400x111.png\",\"datePublished\":\"2023-06-13T18:42:14+00:00\",\"dateModified\":\"2023-06-13T18:48:54+00:00\",\"breadcrumb\":{\"@id\":\"https:\/\/ntsolutions.pt\/index.php\/politica-devolucoes\/#breadcrumb\"},\"inLanguage\":\"en-US\",\"potentialAction\":[{\"@type\":\"ReadAction\",\"target\":[\"https:\/\/ntsolutions.pt\/index.php\/politica-devolucoes\/\"]}]},{\"@type\":\"ImageObject\",\"inLanguage\":\"en-US\",\"@id\":\"https:\/\/ntsolutions.pt\/index.php\/politica-devolucoes\/#primaryimage\",\"url\":\"https:\/\/ntsolutions.pt\/wp-content\/uploads\/2023\/06\/LOGO-NT-SOLUTIONS-CMYK-COLOR.png\",\"contentUrl\":\"https:\/\/ntsolutions.pt\/wp-content\/uploads\/2023\/06\/LOGO-NT-SOLUTIONS-CMYK-COLOR.png\",\"width\":3259,\"height\":907},{\"@type\":\"BreadcrumbList\",\"@id\":\"https:\/\/ntsolutions.pt\/index.php\/politica-devolucoes\/#breadcrumb\",\"itemListElement\":[{\"@type\":\"ListItem\",\"position\":1,\"name\":\"Home\",\"item\":\"https:\/\/ntsolutions.pt\/\"},{\"@type\":\"ListItem\",\"position\":2,\"name\":\"Politica de Devolu\u00e7\u00f5es\"}]},{\"@type\":\"WebSite\",\"@id\":\"https:\/\/ntsolutions.pt\/#website\",\"url\":\"https:\/\/ntsolutions.pt\/\",\"name\":\"NT Solu\u00e7\u00f5es e Tecnologia\",\"description\":\"\",\"potentialAction\":[{\"@type\":\"SearchAction\",\"target\":{\"@type\":\"EntryPoint\",\"urlTemplate\":\"https:\/\/ntsolutions.pt\/?s={search_term_string}\"},\"query-input\":{\"@type\":\"PropertyValueSpecification\",\"valueRequired\":true,\"valueName\":\"search_term_string\"}}],\"inLanguage\":\"en-US\"}]}<\/script>\n<!-- \/ Yoast SEO plugin. -->","yoast_head_json":{"title":"Politica de Devolu\u00e7\u00f5es - NT Solu\u00e7\u00f5es e Tecnologia","robots":{"index":"index","follow":"follow","max-snippet":"max-snippet:-1","max-image-preview":"max-image-preview:large","max-video-preview":"max-video-preview:-1"},"canonical":"https:\/\/ntsolutions.pt\/index.php\/politica-devolucoes\/","og_locale":"en_US","og_type":"article","og_title":"Politica de Devolu\u00e7\u00f5es - NT Solu\u00e7\u00f5es e Tecnologia","og_description":"Pol\u00edtica de devolu\u00e7\u00f5es Precisa de ajuda na devolu\u00e7\u00e3o do seu artigo? Conhe\u00e7a todas as condi\u00e7\u00f5es de devolu\u00e7\u00f5es de compras efetuadas","og_url":"https:\/\/ntsolutions.pt\/index.php\/politica-devolucoes\/","og_site_name":"NT Solu\u00e7\u00f5es e Tecnologia","article_modified_time":"2023-06-13T18:48:54+00:00","og_image":[{"url":"https:\/\/ntsolutions.pt\/wp-content\/uploads\/2023\/06\/LOGO-NT-SOLUTIONS-CMYK-COLOR-400x111.png","type":"","width":"","height":""}],"twitter_card":"summary_large_image","twitter_misc":{"Est. reading time":"4 minutes"},"schema":{"@context":"https:\/\/schema.org","@graph":[{"@type":"WebPage","@id":"https:\/\/ntsolutions.pt\/index.php\/politica-devolucoes\/","url":"https:\/\/ntsolutions.pt\/index.php\/politica-devolucoes\/","name":"Politica de Devolu\u00e7\u00f5es - NT Solu\u00e7\u00f5es e Tecnologia","isPartOf":{"@id":"https:\/\/ntsolutions.pt\/#website"},"primaryImageOfPage":{"@id":"https:\/\/ntsolutions.pt\/index.php\/politica-devolucoes\/#primaryimage"},"image":{"@id":"https:\/\/ntsolutions.pt\/index.php\/politica-devolucoes\/#primaryimage"},"thumbnailUrl":"https:\/\/ntsolutions.pt\/wp-content\/uploads\/2023\/06\/LOGO-NT-SOLUTIONS-CMYK-COLOR-400x111.png","datePublished":"2023-06-13T18:42:14+00:00","dateModified":"2023-06-13T18:48:54+00:00","breadcrumb":{"@id":"https:\/\/ntsolutions.pt\/index.php\/politica-devolucoes\/#breadcrumb"},"inLanguage":"en-US","potentialAction":[{"@type":"ReadAction","target":["https:\/\/ntsolutions.pt\/index.php\/politica-devolucoes\/"]}]},{"@type":"ImageObject","inLanguage":"en-US","@id":"https:\/\/ntsolutions.pt\/index.php\/politica-devolucoes\/#primaryimage","url":"https:\/\/ntsolutions.pt\/wp-content\/uploads\/2023\/06\/LOGO-NT-SOLUTIONS-CMYK-COLOR.png","contentUrl":"https:\/\/ntsolutions.pt\/wp-content\/uploads\/2023\/06\/LOGO-NT-SOLUTIONS-CMYK-COLOR.png","width":3259,"height":907},{"@type":"BreadcrumbList","@id":"https:\/\/ntsolutions.pt\/index.php\/politica-devolucoes\/#breadcrumb","itemListElement":[{"@type":"ListItem","position":1,"name":"Home","item":"https:\/\/ntsolutions.pt\/"},{"@type":"ListItem","position":2,"name":"Politica de Devolu\u00e7\u00f5es"}]},{"@type":"WebSite","@id":"https:\/\/ntsolutions.pt\/#website","url":"https:\/\/ntsolutions.pt\/","name":"NT Solu\u00e7\u00f5es e Tecnologia","description":"","potentialAction":[{"@type":"SearchAction","target":{"@type":"EntryPoint","urlTemplate":"https:\/\/ntsolutions.pt\/?s={search_term_string}"},"query-input":{"@type":"PropertyValueSpecification","valueRequired":true,"valueName":"search_term_string"}}],"inLanguage":"en-US"}]}},"_links":{"self":[{"href":"https:\/\/ntsolutions.pt\/index.php\/wp-json\/wp\/v2\/pages\/13951","targetHints":{"allow":["GET"]}}],"collection":[{"href":"https:\/\/ntsolutions.pt\/index.php\/wp-json\/wp\/v2\/pages"}],"about":[{"href":"https:\/\/ntsolutions.pt\/index.php\/wp-json\/wp\/v2\/types\/page"}],"author":[{"embeddable":true,"href":"https:\/\/ntsolutions.pt\/index.php\/wp-json\/wp\/v2\/users\/1"}],"replies":[{"embeddable":true,"href":"https:\/\/ntsolutions.pt\/index.php\/wp-json\/wp\/v2\/comments?post=13951"}],"version-history":[{"count":7,"href":"https:\/\/ntsolutions.pt\/index.php\/wp-json\/wp\/v2\/pages\/13951\/revisions"}],"predecessor-version":[{"id":13958,"href":"https:\/\/ntsolutions.pt\/index.php\/wp-json\/wp\/v2\/pages\/13951\/revisions\/13958"}],"wp:attachment":[{"href":"https:\/\/ntsolutions.pt\/index.php\/wp-json\/wp\/v2\/media?parent=13951"}],"curies":[{"name":"wp","href":"https:\/\/api.w.org\/{rel}","templated":true}]}}